{"id":26,"date":"2015-10-04T14:51:28","date_gmt":"2015-10-04T12:51:28","guid":{"rendered":"http:\/\/www.michaelgenter.com\/?page_id=26"},"modified":"2024-01-05T11:18:07","modified_gmt":"2024-01-05T10:18:07","slug":"michael","status":"publish","type":"page","link":"https:\/\/www.michaelgenter.com\/?page_id=26","title":{"rendered":"MICHAEL GENTER"},"content":{"rendered":"\n<div class=\"wp-block-group alignwide\"><div class=\"wp-block-group__inner-container is-layout-flow wp-block-group-is-layout-flow\">\n<p><em>\u00dcber mich:<\/em> Ich erfasse Situationen und die Menschen in meiner Umgebung und verarbeite die Erfahrungen mit ihnen in meinen Arbeiten. Diese setze ich in unterschiedlichen Medien und mit unterschiedlichen Materialien um.<br \/>Meine Zeichnungen, Skulpturen und Wandbilder zeigen in der Mehrheit die Unscheinbaren, die Gew\u00f6hnlichen und Unauff\u00e4lligen. Ich versuche genau diesen Personen und Beobachtungen ein Denkmal zu setzen, welche fl\u00fcchtig, spontan, skizzenhaft und unvollst\u00e4ndig bleiben.<\/p>\n<p>Als freischaffender K\u00fcnstler &amp; Grafikdesigner, lebe und arbeite ich in Freiburg im Breisgau.<\/p>\n<\/div><\/div>\n\n\n<div class=\"wp-block-image is-style-default\">\n<figure class=\"aligncenter size-large\"><a href=\"https:\/\/www.instagram.com\/_michaelgenter\/\"><img loading=\"lazy\" decoding=\"async\" width=\"768\" height=\"1024\" src=\"https:\/\/www.michaelgenter.com\/wp-content\/uploads\/2022\/10\/MichaelGenter-768x1024.jpg\" alt=\"\" class=\"wp-image-560\" srcset=\"https:\/\/www.michaelgenter.com\/wp-content\/uploads\/2022\/10\/MichaelGenter-768x1024.jpg 768w, https:\/\/www.michaelgenter.com\/wp-content\/uploads\/2022\/10\/MichaelGenter-225x300.jpg 225w, https:\/\/www.michaelgenter.com\/wp-content\/uploads\/2022\/10\/MichaelGenter-400x533.jpg 400w, https:\/\/www.michaelgenter.com\/wp-content\/uploads\/2022\/10\/MichaelGenter-800x1066.jpg 800w, https:\/\/www.michaelgenter.com\/wp-content\/uploads\/2022\/10\/MichaelGenter.jpg 886w\" sizes=\"auto, (max-width: 768px) 100vw, 768px\" \/><\/a><\/figure>\n<\/div>\n\n\n<div class=\"wp-block-group alignwide\"><div class=\"wp-block-group__inner-container is-layout-flow wp-block-group-is-layout-flow\">\n<div class=\"wp-block-group alignwide\"><div class=\"wp-block-group__inner-container is-layout-flow wp-block-group-is-layout-flow\">\n<div class=\"wp-block-group alignwide\"><div class=\"wp-block-group__inner-container is-layout-flow wp-block-group-is-layout-flow\">\n<hr class=\"wp-block-separator has-text-color has-gray-color has-css-opacity has-gray-background-color has-background is-style-wide\"\/>\n<\/div><\/div>\n<\/div><\/div>\n<\/div><\/div>\n\n\n\n<div class=\"wp-block-group alignwide\"><div class=\"wp-block-group__inner-container is-layout-flow wp-block-group-is-layout-flow\">\n<ul class=\"wp-block-list\">\n<li><strong>1987<\/strong>&nbsp; geboren in Freiburg<\/li>\n\n\n\n<li><strong>2000<\/strong>&nbsp; erste Wandbilder<\/li>\n\n\n\n<li><strong>2007<\/strong>&nbsp; Ausbildungsabschluss \u2013 Bauzeichner<\/li>\n\n\n\n<li><strong>2011<\/strong>&nbsp; freischaffender Grafikdesigner &amp; Illustrator f\u00fcr Unternehmen und Privatpersonen<\/li>\n\n\n\n<li><strong>2012<\/strong>&nbsp; Ausbildungsabschluss \u2013 Grafik Design<\/li>\n\n\n\n<li><strong>2015<\/strong>&nbsp; Einzelausstellung &#8220;<a href=\"http:\/\/matthiassteck.com\/\">Matthias Steck<\/a> zeigt die Arbeiten von Michael Genter &#8211; WIR|2015&#8243;<\/li>\n\n\n\n<li><strong>2016<\/strong>&nbsp; Projekte im Rahmen von &#8220;WIR&#8221; u.a. in Frankfurt am Main, Darmstadt &amp; Freiburg<\/li>\n\n\n\n<li><strong>2016<\/strong>&nbsp; Projekte im Rahmen von &#8220;WIR&#8221; u.a. in Havanna, Santa Clara &amp; Trinidad <em>(Cuba)<\/em><\/li>\n\n\n\n<li><strong>2017<\/strong>&nbsp; Gruppenausstellung &#8220;WIR|2017&#8221; auf der Regio Messe in L\u00f6rrach mit <a href=\"http:\/\/matthiassteck.com\">Matthias Steck<\/a> und Isabelle Kaczmarek<\/li>\n\n\n\n<li><strong>2017<\/strong>&nbsp; Illustrationen und Wandgestaltungs-Projekte u.a. f\u00fcr das <a href=\"https:\/\/www.theater.freiburg.de\/de_DE\/home\">Theater Freiburg<\/a><\/li>\n\n\n\n<li><strong>2018<\/strong>&nbsp; Illustrationen und Wandgestaltungs-Projekte u.a. f\u00fcr das <a href=\"https:\/\/www.theater.freiburg.de\/de_DE\/home\">Theater Freiburg<\/a> und die <a href=\"https:\/\/www.sparkasse-freiburg.de\/de\/home.html\">Sparkasse Freiburg<\/a><\/li>\n\n\n\n<li><strong>2018<\/strong>&nbsp; Ausstellung &#8220;ART Night, RAUM25&#8221; mit <a href=\"https:\/\/www.ankehuber.de\/\">Anke Huber<\/a> in der <a href=\"https:\/\/galeriespringmann.de\/\">Galerie Springmann<\/a>, Freiburg<\/li>\n\n\n\n<li><strong>2019<\/strong>&nbsp; Illustrationen und Wandgestaltungs-Projekte u.a. f\u00fcr das <a href=\"https:\/\/www.theater.freiburg.de\/de_DE\/home\">Theater Freiburg<\/a><\/li>\n\n\n\n<li><strong>2019<\/strong>&nbsp; Illustrationen und Wandgestaltungs-Projekte u.a. auf Bali <em>(Indonesien), <\/em>Hanoi und Phan Thien<em> (Vietnam)<\/em><\/li>\n\n\n\n<li><strong>2020<\/strong>&nbsp; Illustrationen und Wandgestaltungs-Projekte u.a. f\u00fcr das <a href=\"https:\/\/www.theater.freiburg.de\/de_DE\/home\">Theater Freiburg<\/a>, das <a href=\"https:\/\/www.kultur-aggregat.de\/\">Kulturaggregat<\/a> mit dem Ministerium f\u00fcr Wissenschaft, Forschung und Kunst Baden-W\u00fcrttemberg, sowie freie Projekte in Buenos Aires<em> (Argentinien)<\/em><\/li>\n\n\n\n<li><strong>2021<\/strong>&nbsp; Ausstellung im <a rel=\"noreferrer noopener\" href=\"https:\/\/www.aucontraire.de\/\" target=\"_blank\">Au Contraire<\/a> <em>(in Freiburg)<\/em>, Illustrationen und Wandgestaltungs-Projekte u.a. f\u00fcr die <a rel=\"noreferrer noopener\" href=\"https:\/\/www.uniklinik-freiburg.de\/de.html\" target=\"_blank\">Uniklinik Freiburg<\/a>, <a rel=\"noreferrer noopener\" href=\"https:\/\/www.schwarzwald-tourismus.info\/\" target=\"_blank\">Schwarzwald Tourismus GmbH<\/a>, das <a href=\"https:\/\/www.theater.freiburg.de\/de_DE\/home\">Theater Freiburg<\/a> und freie Projekte u.a. in Gaildorf <em>(bei Schw\u00e4bisch Hall)<\/em><\/li>\n\n\n\n<li><strong>2022<\/strong>&nbsp; Gruppenausstellung &#8220;ABANDONED ROOMS&#8221; mit <a rel=\"noreferrer noopener\" href=\"https:\/\/www.uh-kunst.de\/\" target=\"_blank\">Udo W. Hoffmann<\/a> und <a rel=\"noreferrer noopener\" href=\"https:\/\/sebastian-wehrle.de\/\" target=\"_blank\">Sebastian Wehrle<\/a> im Kirchhofweg 8, 79108 Freiburg<\/li>\n\n\n\n<li><strong><strong>2022<\/strong>&nbsp; <\/strong>Illustrationen und Wandgestaltungs-Projekte u.a. f\u00fcr die <a rel=\"noreferrer noopener\" href=\"https:\/\/supernova-lights.com\/\" target=\"_blank\">SUPERNOVA DESIGN GMBH<\/a>, das <a rel=\"noreferrer noopener\" href=\"https:\/\/www.kultur-aggregat.de\/\" target=\"_blank\">Kulturaggregat e. V.<\/a> und verschiedene freie Projekte<\/li>\n\n\n\n<li><strong>2023\u00a0 <\/strong>Einzelausstellung &#8220;HAPPY LITTLE ACCIDENTS&#8221; im <a href=\"https:\/\/www.kultur-aggregat.de\/\" target=\"_blank\" rel=\"noreferrer noopener\">Kulturaggregat e. V.<\/a> vom 25.03.23 bis 06.05.23<\/li>\n\n\n\n<li><strong>2023\u00a0 <\/strong>Illustrationen, Grafik und Wandgestaltungs-Projekte u.a. f\u00fcr die <a href=\"https:\/\/www.fondationbeyeler.ch\/startseite\" target=\"_blank\" rel=\"noreferrer noopener\">Fondation Beyeler<\/a>, das <a href=\"https:\/\/www.kultur-aggregat.de\/\" target=\"_blank\" rel=\"noreferrer noopener\">Kulturaggregat e. V.<\/a> und verschiedene freie Projekte<\/li>\n\n\n\n<li><strong>2023\u00a0 <\/strong>Gruppenausstellung &#8220;SAME SAME [but different]&#8221; mit Daniel Gjoka, Markus O-Mod und Andreas &#8220;Index&#8221; Kr\u00e4mer im <a href=\"https:\/\/kreativpioniere-freiburg.de\/kreativquartier-am-schildacker\/\">schopf2<\/a> vom 16.12.23 bis 14.01.24 <\/li>\n<\/ul>\n<\/div><\/div>\n\n\n\n<p><\/p>\n","protected":false},"excerpt":{"rendered":"<p>\u00dcber mich: Ich erfasse Situationen und die Menschen in meiner Umgebung und verarbeite die Erfahrungen mit ihnen in meinen Arbeiten. Diese setze ich in unterschiedlichen Medien und mit unterschiedlichen Materialien um.Meine Zeichnungen, Skulpturen und Wandbilder zeigen in der Mehrheit die Unscheinbaren, die Gew\u00f6hnlichen und Unauff\u00e4lligen. Ich versuche genau diesen Personen und Beobachtungen ein Denkmal zu [&hellip;]<\/p>\n","protected":false},"author":1,"featured_media":0,"parent":0,"menu_order":0,"comment_status":"closed","ping_status":"closed","template":"page-nosidebar.php","meta":{"footnotes":""},"class_list":["post-26","page","type-page","status-publish","hentry"],"_links":{"self":[{"href":"https:\/\/www.michaelgenter.com\/index.php?rest_route=\/wp\/v2\/pages\/26","targetHints":{"allow":["GET"]}}],"collection":[{"href":"https:\/\/www.michaelgenter.com\/index.php?rest_route=\/wp\/v2\/pages"}],"about":[{"href":"https:\/\/www.michaelgenter.com\/index.php?rest_route=\/wp\/v2\/types\/page"}],"author":[{"embeddable":true,"href":"https:\/\/www.michaelgenter.com\/index.php?rest_route=\/wp\/v2\/users\/1"}],"replies":[{"embeddable":true,"href":"https:\/\/www.michaelgenter.com\/index.php?rest_route=%2Fwp%2Fv2%2Fcomments&post=26"}],"version-history":[{"count":38,"href":"https:\/\/www.michaelgenter.com\/index.php?rest_route=\/wp\/v2\/pages\/26\/revisions"}],"predecessor-version":[{"id":620,"href":"https:\/\/www.michaelgenter.com\/index.php?rest_route=\/wp\/v2\/pages\/26\/revisions\/620"}],"wp:attachment":[{"href":"https:\/\/www.michaelgenter.com\/index.php?rest_route=%2Fwp%2Fv2%2Fmedia&parent=26"}],"curies":[{"name":"wp","href":"https:\/\/api.w.org\/{rel}","templated":true}]}}